{"id":358,"date":"2021-12-23T16:42:20","date_gmt":"2021-12-23T16:42:20","guid":{"rendered":"https:\/\/ib-homeo.cz\/contacts\/"},"modified":"2022-03-30T07:04:11","modified_gmt":"2022-03-30T07:04:11","slug":"contacts","status":"publish","type":"page","link":"https:\/\/ib-homeo.cz\/en\/contacts\/","title":{"rendered":"Contacts"},"content":{"rendered":"<p>[et_pb_section fb_built=&#8221;1&#8243; _builder_version=&#8221;4.9.11&#8243; _module_preset=&#8221;default&#8221; use_background_color_gradient=&#8221;on&#8221; background_color_gradient_start=&#8221;rgba(255,255,255,0.34)&#8221; background_color_gradient_end=&#8221;rgba(255,255,255,0.5)&#8221; background_color_gradient_type=&#8221;radial&#8221; background_color_gradient_start_position=&#8221;15%&#8221; background_color_gradient_end_position=&#8221;64%&#8221; background_color_gradient_overlays_image=&#8221;on&#8221; background_image=&#8221;https:\/\/ib-homeo.cz\/wp-content\/uploads\/2021\/12\/herbal-remedy_35.png&#8221; background_size=&#8221;contain&#8221; bottom_divider_color=&#8221;#ffffff&#8221; global_colors_info=&#8221;{}&#8221;][et_pb_row _builder_version=&#8221;4.9.11&#8243; _module_preset=&#8221;default&#8221; global_colors_info=&#8221;{}&#8221;][et_pb_column type=&#8221;4_4&#8243; _builder_version=&#8221;4.9.11&#8243; _module_preset=&#8221;default&#8221; global_colors_info=&#8221;{}&#8221;][et_pb_text _builder_version=&#8221;4.9.11&#8243; header_font=&#8221;Marcellus||||||||&#8221; header_text_color=&#8221;#3a3a3a&#8221; header_2_font=&#8221;Montserrat|700|||||||&#8221; header_2_text_color=&#8221;#262626&#8243; header_2_font_size=&#8221;18px&#8221; header_2_letter_spacing=&#8221;4px&#8221; header_2_line_height=&#8221;1.2em&#8221; text_orientation=&#8221;center&#8221; header_font_size_tablet=&#8221;60px&#8221; header_font_size_phone=&#8221;40px&#8221; header_font_size_last_edited=&#8221;on|phone&#8221; header_2_font_size_tablet=&#8221;20px&#8221; header_2_font_size_phone=&#8221;14px&#8221; header_2_font_size_last_edited=&#8221;on|phone&#8221; z_index_tablet=&#8221;10&#8243; z_index_phone=&#8221;&#8221; z_index_last_edited=&#8221;on|tablet&#8221; global_colors_info=&#8221;{}&#8221;]<\/p>\n<h1>Contacts<\/h1>\n<p>[\/et_pb_text][\/et_pb_column][\/et_pb_row][\/et_pb_section][et_pb_section fb_built=&#8221;1&#8243; _builder_version=&#8221;4.9.11&#8243; _module_preset=&#8221;default&#8221; global_colors_info=&#8221;{}&#8221;][et_pb_row _builder_version=&#8221;4.9.11&#8243; z_index=&#8221;11&#8243; width_tablet=&#8221;90%&#8221; width_phone=&#8221;&#8221; width_last_edited=&#8221;on|phone&#8221; max_width=&#8221;none&#8221; custom_css_main_element=&#8221;z-index: 10 !important;&#8221; global_colors_info=&#8221;{}&#8221;][et_pb_column type=&#8221;4_4&#8243; _builder_version=&#8221;4.9.11&#8243; global_colors_info=&#8221;{}&#8221;][et_pb_text _builder_version=&#8221;4.14.5&#8243; _module_preset=&#8221;default&#8221; global_colors_info=&#8221;{}&#8221;]<\/p>\n<h2>Do not hesitate to write to me, I will reply immediately.<\/h2>\n<p>[\/et_pb_text][et_pb_contact_form use_spam_service=&#8221;on&#8221; recaptcha_list=&#8221;IB-HOMEO|IB-HOMEO-0&#8243; email=&#8221;info@ib-homeo.cz&#8221; custom_message=&#8221;Jm\u00e9no: %%Name%%||et_pb_line_break_holder||E-mailov\u00e1 adresa: %%Email%%||et_pb_line_break_holder||Zpr\u00e1va: %%Message%%&#8221; use_redirect=&#8221;on&#8221; redirect_url=&#8221;https:\/\/ib-homeo.cz\/en\/thanks\/&#8221; submit_button_text=&#8221;Send&#8221; _builder_version=&#8221;4.14.7&#8243; _module_preset=&#8221;default&#8221; _unique_id=&#8221;3daf0d58-644e-43db-b87c-e66bab9582b9&#8243; global_colors_info=&#8221;{}&#8221;][et_pb_contact_field field_id=&#8221;Name&#8221; field_title=&#8221;Name and surname&#8221; _builder_version=&#8221;4.14.2&#8243; global_colors_info=&#8221;{}&#8221; button_text_size__hover_enabled=&#8221;off&#8221; button_one_text_size__hover_enabled=&#8221;off&#8221; button_two_text_size__hover_enabled=&#8221;off&#8221; button_text_color__hover_enabled=&#8221;off&#8221; button_one_text_color__hover_enabled=&#8221;off&#8221; button_two_text_color__hover_enabled=&#8221;off&#8221; button_border_width__hover_enabled=&#8221;off&#8221; button_one_border_width__hover_enabled=&#8221;off&#8221; button_two_border_width__hover_enabled=&#8221;off&#8221; button_border_color__hover_enabled=&#8221;off&#8221; button_one_border_color__hover_enabled=&#8221;off&#8221; button_two_border_color__hover_enabled=&#8221;off&#8221; button_border_radius__hover_enabled=&#8221;off&#8221; button_one_border_radius__hover_enabled=&#8221;off&#8221; button_two_border_radius__hover_enabled=&#8221;off&#8221; button_letter_spacing__hover_enabled=&#8221;off&#8221; button_one_letter_spacing__hover_enabled=&#8221;off&#8221; button_two_letter_spacing__hover_enabled=&#8221;off&#8221; button_bg_color__hover_enabled=&#8221;off&#8221; button_one_bg_color__hover_enabled=&#8221;off&#8221; button_two_bg_color__hover_enabled=&#8221;off&#8221;][\/et_pb_contact_field][et_pb_contact_field field_id=&#8221;Email&#8221; field_title=&#8221;E-mail address&#8221; field_type=&#8221;email&#8221; _builder_version=&#8221;3.16&#8243; global_colors_info=&#8221;{}&#8221; button_text_size__hover_enabled=&#8221;off&#8221; button_one_text_size__hover_enabled=&#8221;off&#8221; button_two_text_size__hover_enabled=&#8221;off&#8221; button_text_color__hover_enabled=&#8221;off&#8221; button_one_text_color__hover_enabled=&#8221;off&#8221; button_two_text_color__hover_enabled=&#8221;off&#8221; button_border_width__hover_enabled=&#8221;off&#8221; button_one_border_width__hover_enabled=&#8221;off&#8221; button_two_border_width__hover_enabled=&#8221;off&#8221; button_border_color__hover_enabled=&#8221;off&#8221; button_one_border_color__hover_enabled=&#8221;off&#8221; button_two_border_color__hover_enabled=&#8221;off&#8221; button_border_radius__hover_enabled=&#8221;off&#8221; button_one_border_radius__hover_enabled=&#8221;off&#8221; button_two_border_radius__hover_enabled=&#8221;off&#8221; button_letter_spacing__hover_enabled=&#8221;off&#8221; button_one_letter_spacing__hover_enabled=&#8221;off&#8221; button_two_letter_spacing__hover_enabled=&#8221;off&#8221; button_bg_color__hover_enabled=&#8221;off&#8221; button_one_bg_color__hover_enabled=&#8221;off&#8221; button_two_bg_color__hover_enabled=&#8221;off&#8221;][\/et_pb_contact_field][et_pb_contact_field field_id=&#8221;Message&#8221; field_title=&#8221;Message&#8221; field_type=&#8221;text&#8221; fullwidth_field=&#8221;on&#8221; _builder_version=&#8221;3.16&#8243; global_colors_info=&#8221;{}&#8221; button_text_size__hover_enabled=&#8221;off&#8221; button_one_text_size__hover_enabled=&#8221;off&#8221; button_two_text_size__hover_enabled=&#8221;off&#8221; button_text_color__hover_enabled=&#8221;off&#8221; button_one_text_color__hover_enabled=&#8221;off&#8221; button_two_text_color__hover_enabled=&#8221;off&#8221; button_border_width__hover_enabled=&#8221;off&#8221; button_one_border_width__hover_enabled=&#8221;off&#8221; button_two_border_width__hover_enabled=&#8221;off&#8221; button_border_color__hover_enabled=&#8221;off&#8221; button_one_border_color__hover_enabled=&#8221;off&#8221; button_two_border_color__hover_enabled=&#8221;off&#8221; button_border_radius__hover_enabled=&#8221;off&#8221; button_one_border_radius__hover_enabled=&#8221;off&#8221; button_two_border_radius__hover_enabled=&#8221;off&#8221; button_letter_spacing__hover_enabled=&#8221;off&#8221; button_one_letter_spacing__hover_enabled=&#8221;off&#8221; button_two_letter_spacing__hover_enabled=&#8221;off&#8221; button_bg_color__hover_enabled=&#8221;off&#8221; button_one_bg_color__hover_enabled=&#8221;off&#8221; button_two_bg_color__hover_enabled=&#8221;off&#8221;][\/et_pb_contact_field][\/et_pb_contact_form][et_pb_text _builder_version=&#8221;4.14.4&#8243; _module_preset=&#8221;default&#8221; global_colors_info=&#8221;{}&#8221;]<\/p>\n<p><span style=\"color: #3a3a3a;\"><a style=\"color: #3a3a3a;\" href=\"https:\/\/ib-homeo.cz\/en\/gdpr\/\" target=\"_blank\" rel=\"noopener\">*Information on <span style=\"text-decoration: underline;\">personal data protection<\/span>\u00a0<\/a><\/span><\/p>\n<p>[\/et_pb_text][\/et_pb_column][\/et_pb_row][et_pb_row column_structure=&#8221;1_3,1_3,1_3&#8243; _builder_version=&#8221;4.9.11&#8243; z_index=&#8221;11&#8243; width_tablet=&#8221;90%&#8221; width_phone=&#8221;&#8221; width_last_edited=&#8221;on|phone&#8221; max_width=&#8221;none&#8221; custom_css_main_element=&#8221;z-index: 10 !important;&#8221; global_colors_info=&#8221;{}&#8221;][et_pb_column type=&#8221;1_3&#8243; _builder_version=&#8221;4.9.11&#8243; global_colors_info=&#8221;{}&#8221;][et_pb_image src=&#8221;https:\/\/ib-homeo.cz\/wp-content\/uploads\/2022\/03\/IB-HOMEO-leaflet.jpg&#8221; alt=&#8221;IB-HOMEO leaflet &#8211; download PDF&#8221; title_text=&#8221;IB-HOMEO leaflet&#8221; url=&#8221;\/wp-content\/uploads\/2022\/03\/IB-HOMEO-leaflet.pdf&#8221; url_new_window=&#8221;on&#8221; _builder_version=&#8221;4.14.9&#8243; _module_preset=&#8221;default&#8221; module_alignment=&#8221;right&#8221; border_width_all=&#8221;1px&#8221; global_colors_info=&#8221;{}&#8221;][\/et_pb_image][\/et_pb_column][et_pb_column type=&#8221;1_3&#8243; _builder_version=&#8221;4.9.11&#8243; global_colors_info=&#8221;{}&#8221;][et_pb_image src=&#8221;https:\/\/ib-homeo.cz\/wp-content\/uploads\/2022\/03\/IB-HOMEO-letacek.jpg&#8221; alt=&#8221;IB-HOMEO let\u00e1\u010dek &#8211; PDF ke sta\u017een\u00ed&#8221; title_text=&#8221;IB-HOMEO let\u00e1\u010dek&#8221; url=&#8221;\/wp-content\/uploads\/2022\/03\/IB-HOMEO-letacek.pdf&#8221; url_new_window=&#8221;on&#8221; _builder_version=&#8221;4.14.9&#8243; _module_preset=&#8221;default&#8221; module_alignment=&#8221;right&#8221; border_width_all=&#8221;1px&#8221; global_colors_info=&#8221;{}&#8221;][\/et_pb_image][\/et_pb_column][et_pb_column type=&#8221;1_3&#8243; _builder_version=&#8221;4.9.11&#8243; global_colors_info=&#8221;{}&#8221;][et_pb_image src=&#8221;https:\/\/ib-homeo.cz\/wp-content\/uploads\/2022\/03\/IB-HOMEO-foglietto-2.jpg&#8221; alt=&#8221;IB-HOMEO foglietto&#8221; title_text=&#8221;IB-HOMEO foglietto&#8221; url=&#8221;\/wp-content\/uploads\/2022\/03\/IB-HOMEO-foglietto-2.pdf&#8221; url_new_window=&#8221;on&#8221; _builder_version=&#8221;4.14.9&#8243; _module_preset=&#8221;default&#8221; vertical_offset_tablet=&#8221;0&#8243; horizontal_offset_tablet=&#8221;0&#8243; module_alignment=&#8221;right&#8221; hover_enabled=&#8221;0&#8243; z_index_tablet=&#8221;0&#8243; border_width_all=&#8221;1px&#8221; box_shadow_horizontal_tablet=&#8221;0px&#8221; box_shadow_vertical_tablet=&#8221;0px&#8221; box_shadow_blur_tablet=&#8221;40px&#8221; box_shadow_spread_tablet=&#8221;0px&#8221; global_colors_info=&#8221;{}&#8221; sticky_enabled=&#8221;0&#8243;][\/et_pb_image][\/et_pb_column][\/et_pb_row][\/et_pb_section][et_pb_section fb_built=&#8221;1&#8243; custom_padding_last_edited=&#8221;on|phone&#8221; admin_label=&#8221;Footer&#8221; _builder_version=&#8221;4.14.2&#8243; use_background_color_gradient=&#8221;on&#8221; background_color_gradient_start=&#8221;#ffffff&#8221; background_color_gradient_end=&#8221;#f4f0e8&#8243; background_color_gradient_start_position=&#8221;27%&#8221; background_color_gradient_end_position=&#8221;81%&#8221; background_color_gradient_overlays_image=&#8221;on&#8221; background_size=&#8221;contain&#8221; background_position=&#8221;bottom_center&#8221; custom_margin=&#8221;||||false|false&#8221; custom_padding=&#8221;||5vw||false|false&#8221; custom_padding_tablet=&#8221;||22vw||false|false&#8221; custom_padding_phone=&#8221;&#8221; background_last_edited=&#8221;off|desktop&#8221; global_module=&#8221;541&#8243; saved_tabs=&#8221;all&#8221; locked=&#8221;off&#8221; global_colors_info=&#8221;{}&#8221;][et_pb_row column_structure=&#8221;1_4,1_4,1_4,1_4&#8243; use_custom_gutter=&#8221;on&#8221; gutter_width=&#8221;2&#8243; custom_padding_last_edited=&#8221;on|tablet&#8221; _builder_version=&#8221;4.9.11&#8243; custom_padding_tablet=&#8221;|||0px|false|false&#8221; custom_padding_phone=&#8221;&#8221; locked=&#8221;off&#8221; global_colors_info=&#8221;{}&#8221;][et_pb_column type=&#8221;1_4&#8243; _builder_version=&#8221;4.9.11&#8243; global_colors_info=&#8221;{}&#8221;][et_pb_text _builder_version=&#8221;4.14.2&#8243; text_font=&#8221;||||||||&#8221; text_text_color=&#8221;#3D4A41&#8243; text_line_height=&#8221;1.4em&#8221; header_2_font=&#8221;Marcellus|700|||||||&#8221; header_2_text_color=&#8221;#3D4A41&#8243; header_2_line_height=&#8221;1.2em&#8221; text_font_size_tablet=&#8221;14px&#8221; text_font_size_phone=&#8221;&#8221; text_font_size_last_edited=&#8221;on|desktop&#8221; locked=&#8221;off&#8221; global_colors_info=&#8221;{}&#8221;]<\/p>\n<h2>IB-HOMEO <img loading=\"lazy\" decoding=\"async\" src=\"https:\/\/ib-homeo.cz\/wp-content\/uploads\/2021\/12\/cropped-favicon_ib-home-300x300.png\" width=\"25\" height=\"25\" alt=\"\" class=\"wp-image-325 alignnone size-medium\" \/><\/h2>\n<p>JUDr. Iva B\u00edlikov\u00e1<\/p>\n<p>[\/et_pb_text][et_pb_text _builder_version=&#8221;4.9.11&#8243; text_font=&#8221;||||||||&#8221; text_text_color=&#8221;#3D4A41&#8243; text_line_height=&#8221;1.4em&#8221; header_2_font=&#8221;Marcellus|700|||||||&#8221; header_2_text_color=&#8221;#3D4A41&#8243; header_2_line_height=&#8221;1.2em&#8221; text_font_size_tablet=&#8221;14px&#8221; text_font_size_phone=&#8221;&#8221; text_font_size_last_edited=&#8221;on|desktop&#8221; locked=&#8221;off&#8221; global_colors_info=&#8221;{}&#8221;]<\/p>\n<p><span style=\"text-decoration: underline;\"><span style=\"color: #333333;\"><a href=\"tel:+420607690186\" style=\"color: #333333; text-decoration: underline;\">(+420) 607 690 186<\/a><\/span><\/span><\/p>\n<p>[\/et_pb_text][et_pb_text _builder_version=&#8221;4.14.7&#8243; text_font=&#8221;||||||||&#8221; text_text_color=&#8221;#3D4A41&#8243; text_line_height=&#8221;1.4em&#8221; header_2_font=&#8221;Marcellus|700|||||||&#8221; header_2_text_color=&#8221;#3D4A41&#8243; header_2_line_height=&#8221;1.2em&#8221; text_font_size_tablet=&#8221;14px&#8221; text_font_size_phone=&#8221;&#8221; text_font_size_last_edited=&#8221;on|desktop&#8221; locked=&#8221;off&#8221; global_colors_info=&#8221;{}&#8221;]<\/p>\n<p><span style=\"text-decoration: underline;\"><span style=\"color: #333333;\"><a href=\"mailto:info@ib-homeo.cz\" style=\"color: #333333; text-decoration: underline;\">info@ib-homeo.cz<\/a><\/span><\/span><\/p>\n<p>[\/et_pb_text][\/et_pb_column][et_pb_column type=&#8221;1_4&#8243; _builder_version=&#8221;4.4.7&#8243; global_colors_info=&#8221;{}&#8221;][et_pb_text _builder_version=&#8221;4.9.11&#8243; text_font=&#8221;||||||||&#8221; text_text_color=&#8221;#3D4A41&#8243; text_line_height=&#8221;1.4em&#8221; header_2_font=&#8221;Marcellus|700|||||||&#8221; header_2_text_color=&#8221;#3D4A41&#8243; header_2_line_height=&#8221;1.2em&#8221; text_font_size_tablet=&#8221;14px&#8221; text_font_size_phone=&#8221;&#8221; text_font_size_last_edited=&#8221;on|desktop&#8221; locked=&#8221;off&#8221; global_colors_info=&#8221;{}&#8221;]<\/p>\n<h2>Prague<\/h2>\n<p>Ol\u0161ansk\u00e1 3<br \/>Praha 3 &#8211; \u017di\u017ekov<br \/>130 00<\/p>\n<p>[\/et_pb_text][\/et_pb_column][et_pb_column type=&#8221;1_4&#8243; _builder_version=&#8221;4.4.7&#8243; global_colors_info=&#8221;{}&#8221;][et_pb_text _builder_version=&#8221;4.9.11&#8243; text_font=&#8221;||||||||&#8221; text_text_color=&#8221;#3D4A41&#8243; text_line_height=&#8221;1.4em&#8221; header_2_font=&#8221;Marcellus|700|||||||&#8221; header_2_text_color=&#8221;#3D4A41&#8243; header_2_line_height=&#8221;1.2em&#8221; text_font_size_tablet=&#8221;14px&#8221; text_font_size_phone=&#8221;&#8221; text_font_size_last_edited=&#8221;on|desktop&#8221; locked=&#8221;off&#8221; global_colors_info=&#8221;{}&#8221;]<\/p>\n<h2>Brno (main office)<\/h2>\n<p>Kounicova 14\/71<br \/>Brno<br \/>602 00<\/p>\n<p>[\/et_pb_text][\/et_pb_column][et_pb_column type=&#8221;1_4&#8243; _builder_version=&#8221;4.4.7&#8243; global_colors_info=&#8221;{}&#8221;][et_pb_text _builder_version=&#8221;4.9.11&#8243; text_font=&#8221;||||||||&#8221; text_text_color=&#8221;#3D4A41&#8243; text_line_height=&#8221;1.4em&#8221; header_2_font=&#8221;Marcellus|700|||||||&#8221; header_2_text_color=&#8221;#3D4A41&#8243; header_2_line_height=&#8221;1.2em&#8221; text_font_size_tablet=&#8221;14px&#8221; text_font_size_phone=&#8221;&#8221; text_font_size_last_edited=&#8221;on|desktop&#8221; locked=&#8221;off&#8221; global_colors_info=&#8221;{}&#8221;]<\/p>\n<h2>R\u00e1jec<\/h2>\n<p>R\u00e1jec 33<br \/>Borovnice &#8211; R\u00e1jec<br \/>517 41<\/p>\n<p>[\/et_pb_text][\/et_pb_column][\/et_pb_row][\/et_pb_section]<\/p>\n","protected":false},"excerpt":{"rendered":"<p>Contacts Do not hesitate to write to me, I will reply immediately. *Information on personal data protection\u00a0 IB-HOMEO JUDr. Iva B\u00edlikov\u00e1(+420) 607 690 186info@ib-homeo.czPrague Ol\u0161ansk\u00e1 3Praha 3 &#8211; \u017di\u017ekov130 00Brno (main office) Kounicova 14\/71Brno602 00R\u00e1jec R\u00e1jec 33Borovnice &#8211; R\u00e1jec517 41<\/p>\n","protected":false},"author":1,"featured_media":0,"parent":0,"menu_order":0,"comment_status":"closed","ping_status":"closed","template":"","meta":{"_et_pb_use_builder":"on","_et_pb_old_content":"","_et_gb_content_width":"","footnotes":""},"class_list":["post-358","page","type-page","status-publish","hentry"],"_links":{"self":[{"href":"https:\/\/ib-homeo.cz\/en\/wp-json\/wp\/v2\/pages\/358","targetHints":{"allow":["GET"]}}],"collection":[{"href":"https:\/\/ib-homeo.cz\/en\/wp-json\/wp\/v2\/pages"}],"about":[{"href":"https:\/\/ib-homeo.cz\/en\/wp-json\/wp\/v2\/types\/page"}],"author":[{"embeddable":true,"href":"https:\/\/ib-homeo.cz\/en\/wp-json\/wp\/v2\/users\/1"}],"replies":[{"embeddable":true,"href":"https:\/\/ib-homeo.cz\/en\/wp-json\/wp\/v2\/comments?post=358"}],"version-history":[{"count":18,"href":"https:\/\/ib-homeo.cz\/en\/wp-json\/wp\/v2\/pages\/358\/revisions"}],"predecessor-version":[{"id":653,"href":"https:\/\/ib-homeo.cz\/en\/wp-json\/wp\/v2\/pages\/358\/revisions\/653"}],"wp:attachment":[{"href":"https:\/\/ib-homeo.cz\/en\/wp-json\/wp\/v2\/media?parent=358"}],"curies":[{"name":"wp","href":"https:\/\/api.w.org\/{rel}","templated":true}]}}